{"id":30905,"date":"2025-06-26T09:55:29","date_gmt":"2025-06-26T09:55:29","guid":{"rendered":"https:\/\/fitholder.com\/?page_id=30905"},"modified":"2025-12-01T17:14:12","modified_gmt":"2025-12-01T17:14:12","slug":"newsletter","status":"publish","type":"page","link":"https:\/\/fitholder.com\/de\/newsletter\/","title":{"rendered":"Newsletter"},"content":{"rendered":"<div data-elementor-type=\"wp-page\" data-elementor-id=\"30905\" class=\"elementor elementor-30905\">\n\t\t\t\t<div class=\"elementor-element elementor-element-1d99a8f e-flex e-con-boxed e-con e-parent\" data-id=\"1d99a8f\" data-element_type=\"container\" data-e-type=\"container\">\n\t\t\t\t\t<div class=\"e-con-inner\">\n\t\t<div class=\"elementor-element elementor-element-a5dbe7d e-con-full e-flex e-con e-child\" data-id=\"a5dbe7d\" data-element_type=\"container\" data-e-type=\"container\">\n\t\t\t\t<div class=\"elementor-element elementor-element-11c6451 elementor-widget elementor-widget-heading\" data-id=\"11c6451\" data-element_type=\"widget\" data-e-type=\"widget\" data-widget_type=\"heading.default\">\n\t\t\t\t<div class=\"elementor-widget-container\">\n\t\t\t\t\t<h2 class=\"elementor-heading-title elementor-size-default\">Insider Newsletter<\/h2>\t\t\t\t<\/div>\n\t\t\t\t<\/div>\n\t\t\t\t<div class=\"elementor-element elementor-element-0f8f43f elementor-widget elementor-widget-heading\" data-id=\"0f8f43f\" data-element_type=\"widget\" data-e-type=\"widget\" data-widget_type=\"heading.default\">\n\t\t\t\t<div class=\"elementor-widget-container\">\n\t\t\t\t\t<h2 class=\"elementor-heading-title elementor-size-default\">Verpasse nie wieder einen<u> Rabatt<\/u><\/h2>\t\t\t\t<\/div>\n\t\t\t\t<\/div>\n\t\t\t\t<div class=\"elementor-element elementor-element-5b1cbe4 elementor-widget elementor-widget-html\" data-id=\"5b1cbe4\" data-element_type=\"widget\" data-e-type=\"widget\" data-widget_type=\"html.default\">\n\t\t\t\t<div class=\"elementor-widget-container\">\n\t\t\t\t\t<iframe class=\"ktv2\" src=\"https:\/\/assets.klicktipp.com\/userimages\/1106633\/forms\/323942\/7jfhzpsd3z8zf9f0.html\" style=\"position:relative;display:inline-block;border:none;background:transparent none no-repeat scroll 0 0;margin:0;\" width=\"300\" height=\"169\" scrolling=\"no\"><\/iframe>\t\t\t\t<\/div>\n\t\t\t\t<\/div>\n\t\t\t\t<\/div>\n\t\t\t\t\t<\/div>\n\t\t\t\t<\/div>\n\t\t<div class=\"elementor-element elementor-element-f3d566e e-flex e-con-boxed e-con e-parent\" data-id=\"f3d566e\" data-element_type=\"container\" data-e-type=\"container\" data-settings=\"{&quot;background_background&quot;:&quot;classic&quot;}\">\n\t\t\t\t\t<div class=\"e-con-inner\">\n\t\t\t\t<div class=\"elementor-element elementor-element-8703c1c elementor-widget elementor-widget-heading\" data-id=\"8703c1c\" data-element_type=\"widget\" data-e-type=\"widget\" data-widget_type=\"heading.default\">\n\t\t\t\t<div class=\"elementor-widget-container\">\n\t\t\t\t\t<h2 class=\"elementor-heading-title elementor-size-default\"><u>Die Zukunft der intelligenten, einfachen Wandmontage ist fast da<\/u>\n<p>Und als Insider erf\u00e4hrst du als Erster davon.<\/p><\/h2>\t\t\t\t<\/div>\n\t\t\t\t<\/div>\n\t\t\t\t\t<\/div>\n\t\t\t\t<\/div>\n\t\t<div class=\"elementor-element elementor-element-f9604e1 e-flex e-con-boxed e-con e-parent\" data-id=\"f9604e1\" data-element_type=\"container\" data-e-type=\"container\" data-settings=\"{&quot;background_background&quot;:&quot;classic&quot;}\">\n\t\t\t\t\t<div class=\"e-con-inner\">\n\t\t\t\t<div class=\"elementor-element elementor-element-24c5cbf elementor-widget elementor-widget-spacer\" data-id=\"24c5cbf\" data-element_type=\"widget\" data-e-type=\"widget\" data-widget_type=\"spacer.default\">\n\t\t\t\t<div class=\"elementor-widget-container\">\n\t\t\t\t\t\t\t<div class=\"elementor-spacer\">\n\t\t\t<div class=\"elementor-spacer-inner\"><\/div>\n\t\t<\/div>\n\t\t\t\t\t\t<\/div>\n\t\t\t\t<\/div>\n\t\t\t\t<div class=\"elementor-element elementor-element-0707744 elementor-widget elementor-widget-text-editor\" data-id=\"0707744\" data-element_type=\"widget\" data-e-type=\"widget\" data-widget_type=\"text-editor.default\">\n\t\t\t\t<div class=\"elementor-widget-container\">\n\t\t\t\t\t\t\t\t\t<p data-start=\"193\" data-end=\"327\"><strong><span style=\"font-size: 300%;\">&nbsp;<\/span><\/strong><\/p>\n<p data-start=\"193\" data-end=\"327\"><strong><span style=\"font-size: 300%;\">Aber das ist noch nicht alles!<\/span><\/strong><\/p>\n<p data-start=\"193\" data-end=\"327\"><strong><span style=\"font-size: 300%;\">&nbsp;<\/span><\/strong><\/p>\n<p data-start=\"193\" data-end=\"327\">Abonniere jetzt unseren Newsletter und schalte <span style=\"text-decoration: underline;\"><strong data-start=\"385\" data-end=\"406\">exklusive Pr\u00e4mien<\/strong><\/span> , die du sonst nirgends findest.<\/p>\n<p style=\"padding-left: 40px;\"><span style=\"font-size: x-large;\"><u>Rabattcodes<\/u><\/span><br data-start=\"183\" data-end=\"186\">Geh\u00f6re zu den Ersten, die einen Rabatt erhalten.<\/p><p style=\"padding-left: 40px;\"><br><\/p>\t\t\t\t\t\t\t\t<\/div>\n\t\t\t\t<\/div>\n\t\t\t\t<div class=\"elementor-element elementor-element-a03db90 elementor-widget elementor-widget-html\" data-id=\"a03db90\" data-element_type=\"widget\" data-e-type=\"widget\" data-widget_type=\"html.default\">\n\t\t\t\t<div class=\"elementor-widget-container\">\n\t\t\t\t\t<iframe class=\"ktv2\" src=\"https:\/\/assets.klicktipp.com\/userimages\/1106633\/forms\/323942\/7jfhzpsd3z8zf9f0.html\" style=\"position:relative;display:inline-block;border:none;background:transparent none no-repeat scroll 0 0;margin:0;\" width=\"300\" height=\"169\" scrolling=\"no\"><\/iframe>\t\t\t\t<\/div>\n\t\t\t\t<\/div>\n\t\t\t\t<div class=\"elementor-element elementor-element-807e0c0 elementor-widget elementor-widget-spacer\" data-id=\"807e0c0\" data-element_type=\"widget\" data-e-type=\"widget\" data-widget_type=\"spacer.default\">\n\t\t\t\t<div class=\"elementor-widget-container\">\n\t\t\t\t\t\t\t<div class=\"elementor-spacer\">\n\t\t\t<div class=\"elementor-spacer-inner\"><\/div>\n\t\t<\/div>\n\t\t\t\t\t\t<\/div>\n\t\t\t\t<\/div>\n\t\t\t\t<div class=\"elementor-element elementor-element-7e0accb elementor-widget elementor-widget-text-editor\" data-id=\"7e0accb\" data-element_type=\"widget\" data-e-type=\"widget\" data-widget_type=\"text-editor.default\">\n\t\t\t\t<div class=\"elementor-widget-container\">\n\t\t\t\t\t\t\t\t\t<p data-start=\"193\" data-end=\"327\"><span style=\"color: #000000;\">Mit der Anmeldung zum Newsletter best\u00e4tigst du, dass KlickTipp deine Daten gem\u00e4\u00df seiner Datenschutzrichtlinie verarbeitet.<\/span><\/p>\t\t\t\t\t\t\t\t<\/div>\n\t\t\t\t<\/div>\n\t\t\t\t<div class=\"elementor-element elementor-element-24ab4c6 elementor-widget elementor-widget-text-editor\" data-id=\"24ab4c6\" data-element_type=\"widget\" data-e-type=\"widget\" data-widget_type=\"text-editor.default\">\n\t\t\t\t<div class=\"elementor-widget-container\">\n\t\t\t\t\t\t\t\t\t<p><strong data-start=\"121\" data-end=\"137\">Bitte beachten:<\/strong> The free Fitholder is currently only available in Europe.<br \/>Unfortunately, due to complicated and inconsistent customs regulations in the U.S., it&#8217;s simply not feasible for us to offer it there at this time.<br \/>We understand this is frustrating \u2014 we feel the same way<br \/>and we\u2019re working hard to find a fair and reliable solution in the future.<\/p>\t\t\t\t\t\t\t\t<\/div>\n\t\t\t\t<\/div>\n\t\t\t\t\t<\/div>\n\t\t\t\t<\/div>\n\t\t\t\t<\/div>","protected":false},"excerpt":{"rendered":"<p>Insider Newsletter Never miss a discount The future of smart, easy wall mounting is almost here And as an Insider, you\u2019ll be the first to know about it. &nbsp; But that\u2019s not all! &nbsp; Join our newsletter now and unlock exclusive rewards you won\u2019t find anywhere else. Discount CodesBe among the first to receive a [&hellip;]<\/p>\n","protected":false},"author":1,"featured_media":0,"parent":0,"menu_order":0,"comment_status":"closed","ping_status":"closed","template":"","meta":{"_monsterinsights_skip_tracking":false,"_monsterinsights_sitenote_active":false,"_monsterinsights_sitenote_note":"","_monsterinsights_sitenote_category":0,"footnotes":""},"class_list":["post-30905","page","type-page","status-publish","hentry"],"_links":{"self":[{"href":"https:\/\/fitholder.com\/de\/wp-json\/wp\/v2\/pages\/30905","targetHints":{"allow":["GET"]}}],"collection":[{"href":"https:\/\/fitholder.com\/de\/wp-json\/wp\/v2\/pages"}],"about":[{"href":"https:\/\/fitholder.com\/de\/wp-json\/wp\/v2\/types\/page"}],"author":[{"embeddable":true,"href":"https:\/\/fitholder.com\/de\/wp-json\/wp\/v2\/users\/1"}],"replies":[{"embeddable":true,"href":"https:\/\/fitholder.com\/de\/wp-json\/wp\/v2\/comments?post=30905"}],"version-history":[{"count":85,"href":"https:\/\/fitholder.com\/de\/wp-json\/wp\/v2\/pages\/30905\/revisions"}],"predecessor-version":[{"id":31381,"href":"https:\/\/fitholder.com\/de\/wp-json\/wp\/v2\/pages\/30905\/revisions\/31381"}],"wp:attachment":[{"href":"https:\/\/fitholder.com\/de\/wp-json\/wp\/v2\/media?parent=30905"}],"curies":[{"name":"wp","href":"https:\/\/api.w.org\/{rel}","templated":true}]}}