{"id":23538,"date":"2025-01-02T22:44:18","date_gmt":"2025-01-02T22:44:18","guid":{"rendered":"https:\/\/fitholder.com\/?page_id=23538"},"modified":"2025-09-20T07:22:48","modified_gmt":"2025-09-20T07:22:48","slug":"how-to","status":"publish","type":"page","link":"https:\/\/fitholder.com\/de\/how-to\/","title":{"rendered":"Anleitung"},"content":{"rendered":"<div data-elementor-type=\"wp-page\" data-elementor-id=\"23538\" class=\"elementor elementor-23538\">\n\t\t\t\t<div class=\"elementor-element elementor-element-e7c12a8 e-flex e-con-boxed e-con e-parent\" data-id=\"e7c12a8\" data-element_type=\"container\" data-e-type=\"container\">\n\t\t\t\t\t<div class=\"e-con-inner\">\n\t\t<div class=\"elementor-element elementor-element-354910d e-con-full e-flex e-con e-child\" data-id=\"354910d\" data-element_type=\"container\" data-e-type=\"container\">\n\t\t\t\t<div class=\"elementor-element elementor-element-0d0472c elementor-widget elementor-widget-heading\" data-id=\"0d0472c\" data-element_type=\"widget\" data-e-type=\"widget\" data-widget_type=\"heading.default\">\n\t\t\t\t<div class=\"elementor-widget-container\">\n\t\t\t\t\t<h1 class=\"elementor-heading-title elementor-size-default\">So montierst du den Fitholder\u00ae<\/h1>\t\t\t\t<\/div>\n\t\t\t\t<\/div>\n\t\t\t\t<div class=\"elementor-element elementor-element-77b6232 elementor-widget elementor-widget-spacer\" data-id=\"77b6232\" data-element_type=\"widget\" data-e-type=\"widget\" data-widget_type=\"spacer.default\">\n\t\t\t\t<div class=\"elementor-widget-container\">\n\t\t\t\t\t\t\t<div class=\"elementor-spacer\">\n\t\t\t<div class=\"elementor-spacer-inner\"><\/div>\n\t\t<\/div>\n\t\t\t\t\t\t<\/div>\n\t\t\t\t<\/div>\n\t\t\t\t<\/div>\n\t\t\t\t\t<\/div>\n\t\t\t\t<\/div>\n\t\t<div class=\"elementor-element elementor-element-1c8ab8f e-flex e-con-boxed e-con e-parent\" data-id=\"1c8ab8f\" data-element_type=\"container\" data-e-type=\"container\">\n\t\t\t\t\t<div class=\"e-con-inner\">\n\t\t<div class=\"elementor-element elementor-element-444e1da e-con-full e-flex e-con e-child\" data-id=\"444e1da\" data-element_type=\"container\" data-e-type=\"container\">\n\t\t<div class=\"elementor-element elementor-element-670000c e-con-full e-flex e-con e-child\" data-id=\"670000c\" data-element_type=\"container\" data-e-type=\"container\">\n\t\t<div class=\"elementor-element elementor-element-431284b e-con-full e-flex e-con e-child\" data-id=\"431284b\" data-element_type=\"container\" data-e-type=\"container\">\n\t\t\t\t<div class=\"elementor-element elementor-element-5a0686f elementor-widget elementor-widget-heading\" data-id=\"5a0686f\" data-element_type=\"widget\" data-e-type=\"widget\" data-widget_type=\"heading.default\">\n\t\t\t\t<div class=\"elementor-widget-container\">\n\t\t\t\t\t<h2 class=\"elementor-heading-title elementor-size-default\">1. W\u00e4hle den perfekten Ort<\/h2>\t\t\t\t<\/div>\n\t\t\t\t<\/div>\n\t\t\t\t<div class=\"elementor-element elementor-element-314b365 elementor-widget elementor-widget-text-editor\" data-id=\"314b365\" data-element_type=\"widget\" data-e-type=\"widget\" data-widget_type=\"text-editor.default\">\n\t\t\t\t<div class=\"elementor-widget-container\">\n\t\t\t\t\t\t\t\t\t<p>\u00dcberlege kurz, wo dein Artikel am besten zur Geltung kommt. Mit nur einem Loch ist die Wahl der perfekten Stelle kinderleicht und macht Spa\u00df \u2013 kein langes Gr\u00fcbeln n\u00f6tig!<\/p>\t\t\t\t\t\t\t\t<\/div>\n\t\t\t\t<\/div>\n\t\t\t\t<\/div>\n\t\t<div class=\"elementor-element elementor-element-45ab8a5 e-con-full e-flex e-con e-child\" data-id=\"45ab8a5\" data-element_type=\"container\" data-e-type=\"container\">\n\t\t\t\t<div class=\"elementor-element elementor-element-85d59be elementor-widget elementor-widget-image\" data-id=\"85d59be\" data-element_type=\"widget\" data-e-type=\"widget\" data-widget_type=\"image.default\">\n\t\t\t\t<div class=\"elementor-widget-container\">\n\t\t\t\t\t\t\t\t\t\t\t\t\t\t\t<img fetchpriority=\"high\" decoding=\"async\" width=\"500\" height=\"281\" src=\"https:\/\/fitholder.com\/wp-content\/uploads\/2025\/01\/frame-hang.gif\" class=\"attachment-full size-full wp-image-23561\" alt=\"\" \/>\t\t\t\t\t\t\t\t\t\t\t\t\t\t\t<\/div>\n\t\t\t\t<\/div>\n\t\t\t\t<\/div>\n\t\t\t\t<\/div>\n\t\t<div class=\"elementor-element elementor-element-4df9590 e-con-full e-flex e-con e-child\" data-id=\"4df9590\" data-element_type=\"container\" data-e-type=\"container\">\n\t\t<div class=\"elementor-element elementor-element-388f7c6 e-con-full e-flex e-con e-child\" data-id=\"388f7c6\" data-element_type=\"container\" data-e-type=\"container\">\n\t\t\t\t<div class=\"elementor-element elementor-element-918339c elementor-widget elementor-widget-image\" data-id=\"918339c\" data-element_type=\"widget\" data-e-type=\"widget\" data-widget_type=\"image.default\">\n\t\t\t\t<div class=\"elementor-widget-container\">\n\t\t\t\t\t\t\t\t\t\t\t\t\t\t\t<img decoding=\"async\" width=\"500\" height=\"281\" src=\"https:\/\/fitholder.com\/wp-content\/uploads\/2025\/01\/arms-hell.gif\" class=\"attachment-full size-full wp-image-23602\" alt=\"\" \/>\t\t\t\t\t\t\t\t\t\t\t\t\t\t\t<\/div>\n\t\t\t\t<\/div>\n\t\t\t\t<\/div>\n\t\t<div class=\"elementor-element elementor-element-812d6e5 e-con-full e-flex e-con e-child\" data-id=\"812d6e5\" data-element_type=\"container\" data-e-type=\"container\">\n\t\t\t\t<div class=\"elementor-element elementor-element-7dba10d elementor-widget elementor-widget-heading\" data-id=\"7dba10d\" data-element_type=\"widget\" data-e-type=\"widget\" data-widget_type=\"heading.default\">\n\t\t\t\t<div class=\"elementor-widget-container\">\n\t\t\t\t\t<h2 class=\"elementor-heading-title elementor-size-default\">2. Arme auf passende L\u00e4nge ausziehen<\/h2>\t\t\t\t<\/div>\n\t\t\t\t<\/div>\n\t\t\t\t<div class=\"elementor-element elementor-element-784c850 elementor-widget elementor-widget-text-editor\" data-id=\"784c850\" data-element_type=\"widget\" data-e-type=\"widget\" data-widget_type=\"text-editor.default\">\n\t\t\t\t<div class=\"elementor-widget-container\">\n\t\t\t\t\t\t\t\t\t<p>Zieh die verstellbaren Arme des Fitholders\u00ae nach au\u00dfen, um sie an die Breite deines Artikels anzupassen. So gew\u00e4hrleistest du die perfekte Ausrichtung deiner Gegenst\u00e4nde. Es ist einfacher, wenn du das vor dem Aufh\u00e4ngen des Fitholders\u00ae tust.<\/p>\t\t\t\t\t\t\t\t<\/div>\n\t\t\t\t<\/div>\n\t\t\t\t<\/div>\n\t\t\t\t<\/div>\n\t\t<div class=\"elementor-element elementor-element-97959a2 e-con-full e-flex e-con e-child\" data-id=\"97959a2\" data-element_type=\"container\" data-e-type=\"container\">\n\t\t<div class=\"elementor-element elementor-element-c9260cc e-con-full e-flex e-con e-child\" data-id=\"c9260cc\" data-element_type=\"container\" data-e-type=\"container\">\n\t\t\t\t<div class=\"elementor-element elementor-element-4eae362 elementor-widget elementor-widget-heading\" data-id=\"4eae362\" data-element_type=\"widget\" data-e-type=\"widget\" data-widget_type=\"heading.default\">\n\t\t\t\t<div class=\"elementor-widget-container\">\n\t\t\t\t\t<h2 class=\"elementor-heading-title elementor-size-default\">3. Positioniere den Fitholder\u00ae mit einer Schraube<\/h2>\t\t\t\t<\/div>\n\t\t\t\t<\/div>\n\t\t\t\t<div class=\"elementor-element elementor-element-bda5f47 elementor-widget elementor-widget-text-editor\" data-id=\"bda5f47\" data-element_type=\"widget\" data-e-type=\"widget\" data-widget_type=\"text-editor.default\">\n\t\t\t\t<div class=\"elementor-widget-container\">\n\t\t\t\t\t\t\t\t\t<p>Platziere den Fitholder\u00ae an der Wand und befestige ihn mit einer einzigen Schraube. Schraube ihn locker an \u2013 du wirst ihn gleich noch anpassen.<\/p>\t\t\t\t\t\t\t\t<\/div>\n\t\t\t\t<\/div>\n\t\t\t\t<\/div>\n\t\t<div class=\"elementor-element elementor-element-e481782 e-con-full e-flex e-con e-child\" data-id=\"e481782\" data-element_type=\"container\" data-e-type=\"container\">\n\t\t\t\t<div class=\"elementor-element elementor-element-ec06bd6 elementor-widget elementor-widget-image\" data-id=\"ec06bd6\" data-element_type=\"widget\" data-e-type=\"widget\" data-widget_type=\"image.default\">\n\t\t\t\t<div class=\"elementor-widget-container\">\n\t\t\t\t\t\t\t\t\t\t\t\t\t\t\t<img decoding=\"async\" width=\"500\" height=\"281\" src=\"https:\/\/fitholder.com\/wp-content\/uploads\/2024\/12\/1-screw_v2.gif\" class=\"attachment-full size-full wp-image-23178\" alt=\"\" \/>\t\t\t\t\t\t\t\t\t\t\t\t\t\t\t<\/div>\n\t\t\t\t<\/div>\n\t\t\t\t<\/div>\n\t\t\t\t<\/div>\n\t\t<div class=\"elementor-element elementor-element-f922b87 e-con-full e-flex e-con e-child\" data-id=\"f922b87\" data-element_type=\"container\" data-e-type=\"container\">\n\t\t<div class=\"elementor-element elementor-element-9d5a2bc e-con-full e-flex e-con e-child\" data-id=\"9d5a2bc\" data-element_type=\"container\" data-e-type=\"container\">\n\t\t\t\t<div class=\"elementor-element elementor-element-b30531a elementor-widget elementor-widget-image\" data-id=\"b30531a\" data-element_type=\"widget\" data-e-type=\"widget\" data-widget_type=\"image.default\">\n\t\t\t\t<div class=\"elementor-widget-container\">\n\t\t\t\t\t\t\t\t\t\t\t\t\t\t\t<img loading=\"lazy\" decoding=\"async\" width=\"500\" height=\"281\" src=\"https:\/\/fitholder.com\/wp-content\/uploads\/2025\/01\/waage-on.gif\" class=\"attachment-full size-full wp-image-23582\" alt=\"\" \/>\t\t\t\t\t\t\t\t\t\t\t\t\t\t\t<\/div>\n\t\t\t\t<\/div>\n\t\t\t\t<\/div>\n\t\t<div class=\"elementor-element elementor-element-563d96f e-con-full e-flex e-con e-child\" data-id=\"563d96f\" data-element_type=\"container\" data-e-type=\"container\">\n\t\t\t\t<div class=\"elementor-element elementor-element-57b4d96 elementor-widget elementor-widget-heading\" data-id=\"57b4d96\" data-element_type=\"widget\" data-e-type=\"widget\" data-widget_type=\"heading.default\">\n\t\t\t\t<div class=\"elementor-widget-container\">\n\t\t\t\t\t<h2 class=\"elementor-heading-title elementor-size-default\">4. Befestige die Wasserwaage<\/h2>\t\t\t\t<\/div>\n\t\t\t\t<\/div>\n\t\t\t\t<div class=\"elementor-element elementor-element-3114526 elementor-widget elementor-widget-text-editor\" data-id=\"3114526\" data-element_type=\"widget\" data-e-type=\"widget\" data-widget_type=\"text-editor.default\">\n\t\t\t\t<div class=\"elementor-widget-container\">\n\t\t\t\t\t\t\t\t\t<p>Befestige die mitgelieferte Wasserwaage am Fitholder\u00ae, um eine perfekt gerade Ausrichtung zu gew\u00e4hrleisten. Dieser Schritt macht R\u00e4tselraten \u00fcberfl\u00fcssig und sorgt f\u00fcr professionelle Ergebnisse.<\/p>\t\t\t\t\t\t\t\t<\/div>\n\t\t\t\t<\/div>\n\t\t\t\t<\/div>\n\t\t\t\t<\/div>\n\t\t<div class=\"elementor-element elementor-element-a07af58 e-con-full e-flex e-con e-child\" data-id=\"a07af58\" data-element_type=\"container\" data-e-type=\"container\">\n\t\t<div class=\"elementor-element elementor-element-74a3fdc e-con-full e-flex e-con e-child\" data-id=\"74a3fdc\" data-element_type=\"container\" data-e-type=\"container\">\n\t\t\t\t<div class=\"elementor-element elementor-element-53a90f0 elementor-widget elementor-widget-heading\" data-id=\"53a90f0\" data-element_type=\"widget\" data-e-type=\"widget\" data-widget_type=\"heading.default\">\n\t\t\t\t<div class=\"elementor-widget-container\">\n\t\t\t\t\t<h2 class=\"elementor-heading-title elementor-size-default\">5. Zieh die Schraube fest<\/h2>\t\t\t\t<\/div>\n\t\t\t\t<\/div>\n\t\t\t\t<div class=\"elementor-element elementor-element-21032a0 elementor-widget elementor-widget-text-editor\" data-id=\"21032a0\" data-element_type=\"widget\" data-e-type=\"widget\" data-widget_type=\"text-editor.default\">\n\t\t\t\t<div class=\"elementor-widget-container\">\n\t\t\t\t\t\t\t\t\t<p>Sobald die Wasserwaage best\u00e4tigt, dass der Fitholder\u00ae gerade ist, zieh die Schraube fest an, um ihn zu fixieren.<\/p>\t\t\t\t\t\t\t\t<\/div>\n\t\t\t\t<\/div>\n\t\t\t\t<\/div>\n\t\t<div class=\"elementor-element elementor-element-3ad2c89 e-con-full e-flex e-con e-child\" data-id=\"3ad2c89\" data-element_type=\"container\" data-e-type=\"container\">\n\t\t\t\t<div class=\"elementor-element elementor-element-c5389fd elementor-widget elementor-widget-image\" data-id=\"c5389fd\" data-element_type=\"widget\" data-e-type=\"widget\" data-widget_type=\"image.default\">\n\t\t\t\t<div class=\"elementor-widget-container\">\n\t\t\t\t\t\t\t\t\t\t\t\t\t\t\t<img loading=\"lazy\" decoding=\"async\" width=\"500\" height=\"281\" src=\"https:\/\/fitholder.com\/wp-content\/uploads\/2025\/01\/waage-anschraub.gif\" class=\"attachment-full size-full wp-image-23583\" alt=\"\" \/>\t\t\t\t\t\t\t\t\t\t\t\t\t\t\t<\/div>\n\t\t\t\t<\/div>\n\t\t\t\t<\/div>\n\t\t\t\t<\/div>\n\t\t<div class=\"elementor-element elementor-element-f4574ef e-con-full e-flex e-con e-child\" data-id=\"f4574ef\" data-element_type=\"container\" data-e-type=\"container\">\n\t\t<div class=\"elementor-element elementor-element-c4f2245 e-con-full e-flex e-con e-child\" data-id=\"c4f2245\" data-element_type=\"container\" data-e-type=\"container\">\n\t\t\t\t<div class=\"elementor-element elementor-element-2276222 elementor-widget elementor-widget-image\" data-id=\"2276222\" data-element_type=\"widget\" data-e-type=\"widget\" data-widget_type=\"image.default\">\n\t\t\t\t<div class=\"elementor-widget-container\">\n\t\t\t\t\t\t\t\t\t\t\t\t\t\t\t<img loading=\"lazy\" decoding=\"async\" width=\"500\" height=\"281\" src=\"https:\/\/fitholder.com\/wp-content\/uploads\/2025\/01\/waage-ab.gif\" class=\"attachment-full size-full wp-image-23584\" alt=\"\" \/>\t\t\t\t\t\t\t\t\t\t\t\t\t\t\t<\/div>\n\t\t\t\t<\/div>\n\t\t\t\t<\/div>\n\t\t<div class=\"elementor-element elementor-element-fe9fc03 e-con-full e-flex e-con e-child\" data-id=\"fe9fc03\" data-element_type=\"container\" data-e-type=\"container\">\n\t\t\t\t<div class=\"elementor-element elementor-element-da63060 elementor-widget elementor-widget-heading\" data-id=\"da63060\" data-element_type=\"widget\" data-e-type=\"widget\" data-widget_type=\"heading.default\">\n\t\t\t\t<div class=\"elementor-widget-container\">\n\t\t\t\t\t<h2 class=\"elementor-heading-title elementor-size-default\">6. Entferne die Wasserwaage<\/h2>\t\t\t\t<\/div>\n\t\t\t\t<\/div>\n\t\t\t\t<div class=\"elementor-element elementor-element-684fd69 elementor-widget elementor-widget-text-editor\" data-id=\"684fd69\" data-element_type=\"widget\" data-e-type=\"widget\" data-widget_type=\"text-editor.default\">\n\t\t\t\t<div class=\"elementor-widget-container\">\n\t\t\t\t\t\t\t\t\t<p>Sobald der Fitholder\u00ae fest sitzt, l\u00f6se die Wasserwaage. Deine Wanhalterung ist nun perfekt ausgerichtet.<\/p>\t\t\t\t\t\t\t\t<\/div>\n\t\t\t\t<\/div>\n\t\t\t\t<\/div>\n\t\t\t\t<\/div>\n\t\t<div class=\"elementor-element elementor-element-33b9b62 e-con-full e-flex e-con e-child\" data-id=\"33b9b62\" data-element_type=\"container\" data-e-type=\"container\">\n\t\t<div class=\"elementor-element elementor-element-5f3f660 e-con-full e-flex e-con e-child\" data-id=\"5f3f660\" data-element_type=\"container\" data-e-type=\"container\">\n\t\t\t\t<div class=\"elementor-element elementor-element-7354523 elementor-widget elementor-widget-heading\" data-id=\"7354523\" data-element_type=\"widget\" data-e-type=\"widget\" data-widget_type=\"heading.default\">\n\t\t\t\t<div class=\"elementor-widget-container\">\n\t\t\t\t\t<h2 class=\"elementor-heading-title elementor-size-default\">7. Einsetzen der Fittings<\/h2>\t\t\t\t<\/div>\n\t\t\t\t<\/div>\n\t\t\t\t<div class=\"elementor-element elementor-element-6ca0ee8 elementor-widget elementor-widget-text-editor\" data-id=\"6ca0ee8\" data-element_type=\"widget\" data-e-type=\"widget\" data-widget_type=\"text-editor.default\">\n\t\t\t\t<div class=\"elementor-widget-container\">\n\t\t\t\t\t\t\t\t\t<p>Befestige die entsprechenden Eins\u00e4tze (Fittings) an den Enden der Fitholder\u00ae-Arme. Die Fittings sind f\u00fcr den sicheren Halt einer Vielzahl von Gegenst\u00e4nden ausgelegt.<\/p>\t\t\t\t\t\t\t\t<\/div>\n\t\t\t\t<\/div>\n\t\t\t\t<\/div>\n\t\t<div class=\"elementor-element elementor-element-d8fcc18 e-con-full e-flex e-con e-child\" data-id=\"d8fcc18\" data-element_type=\"container\" data-e-type=\"container\">\n\t\t\t\t<div class=\"elementor-element elementor-element-f166968 elementor-widget elementor-widget-image\" data-id=\"f166968\" data-element_type=\"widget\" data-e-type=\"widget\" data-widget_type=\"image.default\">\n\t\t\t\t<div class=\"elementor-widget-container\">\n\t\t\t\t\t\t\t\t\t\t\t\t\t\t\t<img loading=\"lazy\" decoding=\"async\" width=\"500\" height=\"281\" src=\"https:\/\/fitholder.com\/wp-content\/uploads\/2025\/01\/fittings.gif\" class=\"attachment-full size-full wp-image-23588\" alt=\"\" \/>\t\t\t\t\t\t\t\t\t\t\t\t\t\t\t<\/div>\n\t\t\t\t<\/div>\n\t\t\t\t<\/div>\n\t\t\t\t<\/div>\n\t\t<div class=\"elementor-element elementor-element-23bc0d5 e-con-full e-flex e-con e-child\" data-id=\"23bc0d5\" data-element_type=\"container\" data-e-type=\"container\">\n\t\t<div class=\"elementor-element elementor-element-4c6a0ce e-con-full e-flex e-con e-child\" data-id=\"4c6a0ce\" data-element_type=\"container\" data-e-type=\"container\">\n\t\t\t\t<div class=\"elementor-element elementor-element-9c6597e elementor-widget elementor-widget-image\" data-id=\"9c6597e\" data-element_type=\"widget\" data-e-type=\"widget\" data-widget_type=\"image.default\">\n\t\t\t\t<div class=\"elementor-widget-container\">\n\t\t\t\t\t\t\t\t\t\t\t\t\t\t\t<img loading=\"lazy\" decoding=\"async\" width=\"500\" height=\"281\" src=\"https:\/\/fitholder.com\/wp-content\/uploads\/2025\/01\/hang2.gif\" class=\"attachment-full size-full wp-image-23604\" alt=\"\" \/>\t\t\t\t\t\t\t\t\t\t\t\t\t\t\t<\/div>\n\t\t\t\t<\/div>\n\t\t\t\t<\/div>\n\t\t<div class=\"elementor-element elementor-element-acb5cef e-con-full e-flex e-con e-child\" data-id=\"acb5cef\" data-element_type=\"container\" data-e-type=\"container\">\n\t\t\t\t<div class=\"elementor-element elementor-element-ea5e33b elementor-widget elementor-widget-heading\" data-id=\"ea5e33b\" data-element_type=\"widget\" data-e-type=\"widget\" data-widget_type=\"heading.default\">\n\t\t\t\t<div class=\"elementor-widget-container\">\n\t\t\t\t\t<h2 class=\"elementor-heading-title elementor-size-default\">8. H\u00e4nge deinen Artikel auf<\/h2>\t\t\t\t<\/div>\n\t\t\t\t<\/div>\n\t\t\t\t<div class=\"elementor-element elementor-element-8334178 elementor-widget elementor-widget-text-editor\" data-id=\"8334178\" data-element_type=\"widget\" data-e-type=\"widget\" data-widget_type=\"text-editor.default\">\n\t\t\t\t<div class=\"elementor-widget-container\">\n\t\t\t\t\t\t\t\t\t<p>Platziere dein Bild, deine Leinwand oder andere Gegenst\u00e4nde auf dem Fitholder\u00ae. Freue dich in wenigen Minuten \u00fcber perfekt aufgeh\u00e4ngte  Gegenst\u00e4nde!<\/p>\t\t\t\t\t\t\t\t<\/div>\n\t\t\t\t<\/div>\n\t\t\t\t<\/div>\n\t\t\t\t<\/div>\n\t\t<div class=\"elementor-element elementor-element-1d032f1 e-con-full e-flex e-con e-child\" data-id=\"1d032f1\" data-element_type=\"container\" data-e-type=\"container\">\n\t\t<div class=\"elementor-element elementor-element-125db40 e-con-full e-flex e-con e-child\" data-id=\"125db40\" data-element_type=\"container\" data-e-type=\"container\">\n\t\t\t\t<div class=\"elementor-element elementor-element-48aef08 elementor-widget elementor-widget-heading\" data-id=\"48aef08\" data-element_type=\"widget\" data-e-type=\"widget\" data-widget_type=\"heading.default\">\n\t\t\t\t<div class=\"elementor-widget-container\">\n\t\t\t\t\t<h2 class=\"elementor-heading-title elementor-size-default\">9. Willkommen zur Revolution des Aufh\u00e4ngens<\/h2>\t\t\t\t<\/div>\n\t\t\t\t<\/div>\n\t\t\t\t<div class=\"elementor-element elementor-element-3d8b40c elementor-widget elementor-widget-text-editor\" data-id=\"3d8b40c\" data-element_type=\"widget\" data-e-type=\"widget\" data-widget_type=\"text-editor.default\">\n\t\t\t\t<div class=\"elementor-widget-container\">\n\t\t\t\t\t\t\t\t\t<p>Tritt zur\u00fcck und bewundere dein Werk! Mit dem Fitholder\u00ae bist du Teil einer neuen \u00c4ra intelligenter, einfacher und nachhaltiger Aufh\u00e4ngel\u00f6sungen. Willkommen zur Revolution!<\/p>\t\t\t\t\t\t\t\t<\/div>\n\t\t\t\t<\/div>\n\t\t\t\t<\/div>\n\t\t<div class=\"elementor-element elementor-element-0b6190f e-con-full e-flex e-con e-child\" data-id=\"0b6190f\" data-element_type=\"container\" data-e-type=\"container\">\n\t\t\t\t<div class=\"elementor-element elementor-element-a1ccdb2 elementor-widget elementor-widget-image\" data-id=\"a1ccdb2\" data-element_type=\"widget\" data-e-type=\"widget\" data-widget_type=\"image.default\">\n\t\t\t\t<div class=\"elementor-widget-container\">\n\t\t\t\t\t\t\t\t\t\t\t\t\t\t\t<img loading=\"lazy\" decoding=\"async\" width=\"1000\" height=\"667\" src=\"https:\/\/fitholder.com\/wp-content\/uploads\/2024\/12\/revolution.jpg\" class=\"attachment-full size-full wp-image-23148\" alt=\"\" srcset=\"https:\/\/fitholder.com\/wp-content\/uploads\/2024\/12\/revolution.jpg 1000w, https:\/\/fitholder.com\/wp-content\/uploads\/2024\/12\/revolution-300x200.jpg 300w, https:\/\/fitholder.com\/wp-content\/uploads\/2024\/12\/revolution-768x512.jpg 768w, https:\/\/fitholder.com\/wp-content\/uploads\/2024\/12\/revolution-340x227.jpg 340w\" sizes=\"(max-width: 1000px) 100vw, 1000px\" \/>\t\t\t\t\t\t\t\t\t\t\t\t\t\t\t<\/div>\n\t\t\t\t<\/div>\n\t\t\t\t<\/div>\n\t\t\t\t<\/div>\n\t\t\t\t<\/div>\n\t\t\t\t\t<\/div>\n\t\t\t\t<\/div>\n\t\t\t\t<\/div>","protected":false},"excerpt":{"rendered":"<p>How to mount with Fitholder\u00ae 1. Pick Your Perfect Spot Take a moment to decide where your item will shine the most. With just one hole to think about, choosing the perfect spot is fun and easy\u2014no overthinking required! 2. Extend the Arms to Fit Your Item Pull the adjustable arms of the Fitholder outward [&hellip;]<\/p>\n","protected":false},"author":1,"featured_media":0,"parent":0,"menu_order":0,"comment_status":"closed","ping_status":"closed","template":"","meta":{"_monsterinsights_skip_tracking":false,"_monsterinsights_sitenote_active":false,"_monsterinsights_sitenote_note":"","_monsterinsights_sitenote_category":0,"footnotes":""},"class_list":["post-23538","page","type-page","status-publish","hentry"],"_links":{"self":[{"href":"https:\/\/fitholder.com\/de\/wp-json\/wp\/v2\/pages\/23538","targetHints":{"allow":["GET"]}}],"collection":[{"href":"https:\/\/fitholder.com\/de\/wp-json\/wp\/v2\/pages"}],"about":[{"href":"https:\/\/fitholder.com\/de\/wp-json\/wp\/v2\/types\/page"}],"author":[{"embeddable":true,"href":"https:\/\/fitholder.com\/de\/wp-json\/wp\/v2\/users\/1"}],"replies":[{"embeddable":true,"href":"https:\/\/fitholder.com\/de\/wp-json\/wp\/v2\/comments?post=23538"}],"version-history":[{"count":55,"href":"https:\/\/fitholder.com\/de\/wp-json\/wp\/v2\/pages\/23538\/revisions"}],"predecessor-version":[{"id":31225,"href":"https:\/\/fitholder.com\/de\/wp-json\/wp\/v2\/pages\/23538\/revisions\/31225"}],"wp:attachment":[{"href":"https:\/\/fitholder.com\/de\/wp-json\/wp\/v2\/media?parent=23538"}],"curies":[{"name":"wp","href":"https:\/\/api.w.org\/{rel}","templated":true}]}}