{"id":20330,"date":"2023-06-06T23:26:04","date_gmt":"2023-06-06T16:26:04","guid":{"rendered":"https:\/\/fitholder.com\/?page_id=20330"},"modified":"2025-12-01T17:13:09","modified_gmt":"2025-12-01T17:13:09","slug":"contact","status":"publish","type":"page","link":"https:\/\/fitholder.com\/de\/contact\/","title":{"rendered":"Kontakt"},"content":{"rendered":"<div data-elementor-type=\"wp-page\" data-elementor-id=\"20330\" class=\"elementor elementor-20330\">\n\t\t\t\t<div class=\"elementor-element elementor-element-7da58a2 e-flex e-con-boxed e-con e-parent\" data-id=\"7da58a2\" data-element_type=\"container\" data-e-type=\"container\">\n\t\t\t\t\t<div class=\"e-con-inner\">\n\t\t<div class=\"elementor-element elementor-element-2258c73 e-con-full e-flex e-con e-child\" data-id=\"2258c73\" data-element_type=\"container\" data-e-type=\"container\">\n\t\t\t\t<div class=\"elementor-element elementor-element-1c556ed elementor-widget elementor-widget-google_maps\" data-id=\"1c556ed\" data-element_type=\"widget\" data-e-type=\"widget\" data-widget_type=\"google_maps.default\">\n\t\t\t\t<div class=\"elementor-widget-container\">\n\t\t\t\t\t\t\t<div class=\"elementor-custom-embed\">\n\t\t\t<iframe loading=\"lazy\"\n\t\t\t\t\tsrc=\"https:\/\/maps.google.com\/maps?q=dinkelsb%C3%BChl%20feuchtwangerstrasse%205&#038;t=m&#038;z=15&#038;output=embed&#038;iwloc=near\"\n\t\t\t\t\ttitle=\"dinkelsb\u00fchl feuchtwangerstrasse 5\"\n\t\t\t\t\taria-label=\"dinkelsb\u00fchl feuchtwangerstrasse 5\"\n\t\t\t><\/iframe>\n\t\t<\/div>\n\t\t\t\t\t\t<\/div>\n\t\t\t\t<\/div>\n\t\t\t\t<div class=\"elementor-element elementor-element-fca995e elementor-widget__width-initial elementor-widget elementor-widget-text-editor\" data-id=\"fca995e\" data-element_type=\"widget\" data-e-type=\"widget\" data-widget_type=\"text-editor.default\">\n\t\t\t\t<div class=\"elementor-widget-container\">\n\t\t\t\t\t\t\t\t\t<p style=\"text-align: center;\">Painpoint Kunststofftechnik UG (haftungsbeschr\u00e4nkt)<br \/>Feuchtwanger Stra\u00dfe, 5<br \/>91550 Dinkelsb\u00fchl<\/p>\t\t\t\t\t\t\t\t<\/div>\n\t\t\t\t<\/div>\n\t\t\t\t<div class=\"elementor-element elementor-element-90eda13 elementor-widget elementor-widget-image\" data-id=\"90eda13\" data-element_type=\"widget\" data-e-type=\"widget\" data-widget_type=\"image.default\">\n\t\t\t\t<div class=\"elementor-widget-container\">\n\t\t\t\t\t\t\t\t\t\t\t\t\t\t\t<img fetchpriority=\"high\" decoding=\"async\" width=\"481\" height=\"156\" src=\"https:\/\/fitholder.com\/wp-content\/uploads\/2020\/12\/oben_1.png\" class=\"attachment-full size-full wp-image-22240\" alt=\"\" srcset=\"https:\/\/fitholder.com\/wp-content\/uploads\/2020\/12\/oben_1.png 481w, https:\/\/fitholder.com\/wp-content\/uploads\/2020\/12\/oben_1-300x97.png 300w, https:\/\/fitholder.com\/wp-content\/uploads\/2020\/12\/oben_1-340x110.png 340w\" sizes=\"(max-width: 481px) 100vw, 481px\" \/>\t\t\t\t\t\t\t\t\t\t\t\t\t\t\t<\/div>\n\t\t\t\t<\/div>\n\t\t\t\t<\/div>\n\t\t\t\t\t<\/div>\n\t\t\t\t<\/div>\n\t\t<div class=\"elementor-element elementor-element-d187df3 e-flex e-con-boxed e-con e-parent\" data-id=\"d187df3\" data-element_type=\"container\" data-e-type=\"container\">\n\t\t\t\t\t<div class=\"e-con-inner\">\n\t\t\t\t<div class=\"elementor-element elementor-element-8cfe9a5 elementor-widget elementor-widget-spacer\" data-id=\"8cfe9a5\" data-element_type=\"widget\" data-e-type=\"widget\" data-widget_type=\"spacer.default\">\n\t\t\t\t<div class=\"elementor-widget-container\">\n\t\t\t\t\t\t\t<div class=\"elementor-spacer\">\n\t\t\t<div class=\"elementor-spacer-inner\"><\/div>\n\t\t<\/div>\n\t\t\t\t\t\t<\/div>\n\t\t\t\t<\/div>\n\t\t\t\t\t<\/div>\n\t\t\t\t<\/div>\n\t\t<div class=\"elementor-element elementor-element-853e667 e-flex e-con-boxed e-con e-parent\" data-id=\"853e667\" data-element_type=\"container\" data-e-type=\"container\" data-settings=\"{&quot;background_background&quot;:&quot;classic&quot;}\">\n\t\t\t\t\t<div class=\"e-con-inner\">\n\t\t<div class=\"elementor-element elementor-element-24d0aa4 e-con-full e-flex e-con e-child\" data-id=\"24d0aa4\" data-element_type=\"container\" data-e-type=\"container\">\n\t\t<div class=\"elementor-element elementor-element-714ab5d e-con-full e-flex e-con e-child\" data-id=\"714ab5d\" data-element_type=\"container\" data-e-type=\"container\">\n\t\t\t\t<div class=\"elementor-element elementor-element-3a4179f elementor-view-default elementor-widget elementor-widget-icon\" data-id=\"3a4179f\" data-element_type=\"widget\" data-e-type=\"widget\" data-widget_type=\"icon.default\">\n\t\t\t\t<div class=\"elementor-widget-container\">\n\t\t\t\t\t\t\t<div class=\"elementor-icon-wrapper\">\n\t\t\t<div class=\"elementor-icon\">\n\t\t\t<i aria-hidden=\"true\" class=\"icomoon icomoon-email-2\"><\/i>\t\t\t<\/div>\n\t\t<\/div>\n\t\t\t\t\t\t<\/div>\n\t\t\t\t<\/div>\n\t\t\t\t<div class=\"elementor-element elementor-element-3766e0f elementor-widget elementor-widget-heading\" data-id=\"3766e0f\" data-element_type=\"widget\" data-e-type=\"widget\" data-widget_type=\"heading.default\">\n\t\t\t\t<div class=\"elementor-widget-container\">\n\t\t\t\t\t<h3 class=\"elementor-heading-title elementor-size-default\">Businessanfragen<\/h3>\t\t\t\t<\/div>\n\t\t\t\t<\/div>\n\t\t\t\t<div class=\"elementor-element elementor-element-7627c2f elementor-widget elementor-widget-heading\" data-id=\"7627c2f\" data-element_type=\"widget\" data-e-type=\"widget\" data-widget_type=\"heading.default\">\n\t\t\t\t<div class=\"elementor-widget-container\">\n\t\t\t\t\t<h4 class=\"elementor-heading-title elementor-size-default\"><a href=\"mailto:info@painpoint-kunststofftechnik.de\">info@painpoint-kunststofftechnik.de<\/a><\/h4>\t\t\t\t<\/div>\n\t\t\t\t<\/div>\n\t\t\t\t<\/div>\n\t\t\t\t<\/div>\n\t\t<div class=\"elementor-element elementor-element-a5dbce0 e-con-full e-flex e-con e-child\" data-id=\"a5dbce0\" data-element_type=\"container\" data-e-type=\"container\">\n\t\t<div class=\"elementor-element elementor-element-eaca27a e-con-full e-flex e-con e-child\" data-id=\"eaca27a\" data-element_type=\"container\" data-e-type=\"container\">\n\t\t\t\t<div class=\"elementor-element elementor-element-cbb9831 elementor-view-default elementor-widget elementor-widget-icon\" data-id=\"cbb9831\" data-element_type=\"widget\" data-e-type=\"widget\" data-widget_type=\"icon.default\">\n\t\t\t\t<div class=\"elementor-widget-container\">\n\t\t\t\t\t\t\t<div class=\"elementor-icon-wrapper\">\n\t\t\t<div class=\"elementor-icon\">\n\t\t\t<i aria-hidden=\"true\" class=\"icomoon icomoon-phone-2\"><\/i>\t\t\t<\/div>\n\t\t<\/div>\n\t\t\t\t\t\t<\/div>\n\t\t\t\t<\/div>\n\t\t\t\t<div class=\"elementor-element elementor-element-f3d24ba elementor-widget elementor-widget-heading\" data-id=\"f3d24ba\" data-element_type=\"widget\" data-e-type=\"widget\" data-widget_type=\"heading.default\">\n\t\t\t\t<div class=\"elementor-widget-container\">\n\t\t\t\t\t<h3 class=\"elementor-heading-title elementor-size-default\"><br>Ruf uns an<\/h3>\t\t\t\t<\/div>\n\t\t\t\t<\/div>\n\t\t\t\t<div class=\"elementor-element elementor-element-9370555 elementor-widget elementor-widget-heading\" data-id=\"9370555\" data-element_type=\"widget\" data-e-type=\"widget\" data-widget_type=\"heading.default\">\n\t\t\t\t<div class=\"elementor-widget-container\">\n\t\t\t\t\t<h4 class=\"elementor-heading-title elementor-size-default\">0049 160 2477072<\/h4>\t\t\t\t<\/div>\n\t\t\t\t<\/div>\n\t\t\t\t<\/div>\n\t\t\t\t<\/div>\n\t\t\t\t\t<\/div>\n\t\t\t\t<\/div>\n\t\t\t\t<\/div>","protected":false},"excerpt":{"rendered":"<p>Painpoint Kunststofftechnik UG (haftungsbeschr\u00e4nkt)Feuchtwanger Stra\u00dfe, 591550 Dinkelsb\u00fchl Business inquiries info@painpoint-kunststofftechnik.de Call us 0049 160 2477072<\/p>","protected":false},"author":1,"featured_media":0,"parent":0,"menu_order":0,"comment_status":"closed","ping_status":"closed","template":"","meta":{"_monsterinsights_skip_tracking":false,"_monsterinsights_sitenote_active":false,"_monsterinsights_sitenote_note":"","_monsterinsights_sitenote_category":0,"footnotes":""},"class_list":["post-20330","page","type-page","status-publish","hentry"],"_links":{"self":[{"href":"https:\/\/fitholder.com\/de\/wp-json\/wp\/v2\/pages\/20330","targetHints":{"allow":["GET"]}}],"collection":[{"href":"https:\/\/fitholder.com\/de\/wp-json\/wp\/v2\/pages"}],"about":[{"href":"https:\/\/fitholder.com\/de\/wp-json\/wp\/v2\/types\/page"}],"author":[{"embeddable":true,"href":"https:\/\/fitholder.com\/de\/wp-json\/wp\/v2\/users\/1"}],"replies":[{"embeddable":true,"href":"https:\/\/fitholder.com\/de\/wp-json\/wp\/v2\/comments?post=20330"}],"version-history":[{"count":48,"href":"https:\/\/fitholder.com\/de\/wp-json\/wp\/v2\/pages\/20330\/revisions"}],"predecessor-version":[{"id":31371,"href":"https:\/\/fitholder.com\/de\/wp-json\/wp\/v2\/pages\/20330\/revisions\/31371"}],"wp:attachment":[{"href":"https:\/\/fitholder.com\/de\/wp-json\/wp\/v2\/media?parent=20330"}],"curies":[{"name":"wp","href":"https:\/\/api.w.org\/{rel}","templated":true}]}}